{"id":3434,"date":"2020-12-22T10:16:14","date_gmt":"2020-12-22T13:16:14","guid":{"rendered":"https:\/\/www.kovacsshoes.com\/?page_id=3434"},"modified":"2025-07-30T14:49:25","modified_gmt":"2025-07-30T17:49:25","slug":"nosotros","status":"publish","type":"page","link":"https:\/\/www.kovacsshoes.com\/es\/nosotros\/","title":{"rendered":"Kovacs"},"content":{"rendered":"<div data-elementor-type=\"wp-page\" data-elementor-id=\"3434\" class=\"elementor elementor-3434\" data-elementor-post-type=\"page\">\n\t\t\t\t<div class=\"elementor-element elementor-element-85cbdd6 e-con-full e-flex e-con e-parent\" data-id=\"85cbdd6\" data-element_type=\"container\" data-e-type=\"container\">\n\t\t<div class=\"elementor-element elementor-element-fe27ce5 e-con-full e-flex e-con e-child\" data-id=\"fe27ce5\" data-element_type=\"container\" data-e-type=\"container\">\n\t\t\t\t<div class=\"elementor-element elementor-element-9b56a49 elementor-widget elementor-widget-heading\" data-id=\"9b56a49\" data-element_type=\"widget\" data-e-type=\"widget\" data-widget_type=\"heading.default\">\n\t\t\t\t<div class=\"elementor-widget-container\">\n\t\t\t\t\t<h3 class=\"elementor-heading-title elementor-size-default\">Kovacs no es solo un calzado. <br \/>Es una invitaci\u00f3n a dar un paso adelante con valent\u00eda, <br \/>con estilo y personalidad.<\/h3>\t\t\t\t<\/div>\n\t\t\t\t<\/div>\n\t\t\t\t<div class=\"elementor-element elementor-element-ce33a49 elementor-widget elementor-widget-text-editor\" data-id=\"ce33a49\" data-element_type=\"widget\" data-e-type=\"widget\" data-widget_type=\"text-editor.default\">\n\t\t\t\t<div class=\"elementor-widget-container\">\n\t\t\t\t\t\t\t\t\t<div><p>Mi nombre es Gabriela.\u00a0<span class=\"il\">Kovacs<\/span>Desde que era ni\u00f1o, he sentido una profunda pasi\u00f3n por los zapatos. En todos los juegos de deseos, siempre ped\u00eda lo mismo: poder comprar todos los zapatos que quisiera. Esa obsesi\u00f3n infantil se transform\u00f3 poco a poco en una verdadera vocaci\u00f3n.<\/p><\/div><div><p>A lo largo de mi trayectoria creativa, dise\u00f1\u00e9 dos locales emblem\u00e1ticos de tango en Buenos Aires: Rojo Tango y Caf\u00e9 de los Angelitos. Fue all\u00ed, entre la sensualidad del ritmo 2\u00d74 y la elegancia de sus movimientos, donde encontr\u00e9 la inspiraci\u00f3n para crear mi propia l\u00ednea de calzado.<\/p><p>As\u00ed es como\u00a0<span class=\"il\">Kovacs<\/span>\u00a0naci\u00f3: una marca dise\u00f1ada para mujeres que desean sentirse elegantes, c\u00f3modas y \u00fanicas. Cada par est\u00e1 cuidadosamente elaborado con detalles exquisitos, una amplia variedad de tacones y una paleta de colores que celebra la expresi\u00f3n personal.<\/p><p>Orgullosamente nacidos en Argentina, nuestros zapatos llevan una roseta azul cielo y blanca como emblema, s\u00edmbolo de nuestra identidad cultural y nuestras ra\u00edces.<\/p><\/div>\t\t\t\t\t\t\t\t<\/div>\n\t\t\t\t<\/div>\n\t\t\t\t<\/div>\n\t\t<div class=\"elementor-element elementor-element-1c3f555 e-con-full e-flex e-con e-child\" data-id=\"1c3f555\" data-element_type=\"container\" data-e-type=\"container\" data-settings=\"{&quot;background_background&quot;:&quot;classic&quot;}\">\n\t\t\t\t<div class=\"elementor-element elementor-element-d7b2179 elementor-hidden-desktop elementor-widget elementor-widget-spacer\" data-id=\"d7b2179\" data-element_type=\"widget\" data-e-type=\"widget\" data-widget_type=\"spacer.default\">\n\t\t\t\t<div class=\"elementor-widget-container\">\n\t\t\t\t\t\t\t<div class=\"elementor-spacer\">\n\t\t\t<div class=\"elementor-spacer-inner\"><\/div>\n\t\t<\/div>\n\t\t\t\t\t\t<\/div>\n\t\t\t\t<\/div>\n\t\t\t\t<\/div>\n\t\t\t\t<\/div>\n\t\t\t\t<\/div>","protected":false},"excerpt":{"rendered":"<p>Kovacs is not just footwear. It\u2019s an invitation to step boldly, with style and personality. My name is Gabriela\u00a0Kovacs, and ever since I was a child, I\u2019ve felt a deep passion for shoes. In every game of wishes, I always asked for the same thing: to be able to buy all the shoes I wanted. [&hellip;]<\/p>\n","protected":false},"author":1,"featured_media":0,"parent":0,"menu_order":13,"comment_status":"closed","ping_status":"closed","template":"elementor_header_footer","meta":{"_acf_changed":false,"ocean_post_layout":"full-width","ocean_both_sidebars_style":"","ocean_both_sidebars_content_width":0,"ocean_both_sidebars_sidebars_width":0,"ocean_sidebar":"0","ocean_second_sidebar":"0","ocean_disable_margins":"enable","ocean_add_body_class":"","ocean_shortcode_before_top_bar":"","ocean_shortcode_after_top_bar":"","ocean_shortcode_before_header":"","ocean_shortcode_after_header":"","ocean_has_shortcode":"","ocean_shortcode_after_title":"","ocean_shortcode_before_footer_widgets":"","ocean_shortcode_after_footer_widgets":"","ocean_shortcode_before_footer_bottom":"","ocean_shortcode_after_footer_bottom":"","ocean_display_top_bar":"default","ocean_display_header":"default","ocean_header_style":"","ocean_center_header_left_menu":"0","ocean_custom_header_template":"0","ocean_custom_logo":0,"ocean_custom_retina_logo":0,"ocean_custom_logo_max_width":0,"ocean_custom_logo_tablet_max_width":0,"ocean_custom_logo_mobile_max_width":0,"ocean_custom_logo_max_height":0,"ocean_custom_logo_tablet_max_height":0,"ocean_custom_logo_mobile_max_height":0,"ocean_header_custom_menu":"0","ocean_menu_typo_font_family":"0","ocean_menu_typo_font_subset":"","ocean_menu_typo_font_size":0,"ocean_menu_typo_font_size_tablet":0,"ocean_menu_typo_font_size_mobile":0,"ocean_menu_typo_font_size_unit":"px","ocean_menu_typo_font_weight":"","ocean_menu_typo_font_weight_tablet":"","ocean_menu_typo_font_weight_mobile":"","ocean_menu_typo_transform":"","ocean_menu_typo_transform_tablet":"","ocean_menu_typo_transform_mobile":"","ocean_menu_typo_line_height":0,"ocean_menu_typo_line_height_tablet":0,"ocean_menu_typo_line_height_mobile":0,"ocean_menu_typo_line_height_unit":"","ocean_menu_typo_spacing":0,"ocean_menu_typo_spacing_tablet":0,"ocean_menu_typo_spacing_mobile":0,"ocean_menu_typo_spacing_unit":"","ocean_menu_link_color":"","ocean_menu_link_color_hover":"","ocean_menu_link_color_active":"","ocean_menu_link_background":"","ocean_menu_link_hover_background":"","ocean_menu_link_active_background":"","ocean_menu_social_links_bg":"","ocean_menu_social_hover_links_bg":"","ocean_menu_social_links_color":"","ocean_menu_social_hover_links_color":"","ocean_disable_title":"default","ocean_disable_heading":"default","ocean_post_title":"","ocean_post_subheading":"","ocean_post_title_style":"","ocean_post_title_background_color":"","ocean_post_title_background":0,"ocean_post_title_bg_image_position":"","ocean_post_title_bg_image_attachment":"","ocean_post_title_bg_image_repeat":"","ocean_post_title_bg_image_size":"","ocean_post_title_height":0,"ocean_post_title_bg_overlay":0.5,"ocean_post_title_bg_overlay_color":"","ocean_disable_breadcrumbs":"default","ocean_breadcrumbs_color":"","ocean_breadcrumbs_separator_color":"","ocean_breadcrumbs_links_color":"","ocean_breadcrumbs_links_hover_color":"","ocean_display_footer_widgets":"default","ocean_display_footer_bottom":"default","ocean_custom_footer_template":"0","footnotes":""},"class_list":["post-3434","page","type-page","status-publish","hentry","entry","owp-thumbs-layout-horizontal","owp-btn-very-big","owp-tabs-layout-horizontal","has-no-thumbnails","has-product-nav"],"acf":[],"_links":{"self":[{"href":"https:\/\/www.kovacsshoes.com\/es\/wp-json\/wp\/v2\/pages\/3434","targetHints":{"allow":["GET"]}}],"collection":[{"href":"https:\/\/www.kovacsshoes.com\/es\/wp-json\/wp\/v2\/pages"}],"about":[{"href":"https:\/\/www.kovacsshoes.com\/es\/wp-json\/wp\/v2\/types\/page"}],"author":[{"embeddable":true,"href":"https:\/\/www.kovacsshoes.com\/es\/wp-json\/wp\/v2\/users\/1"}],"replies":[{"embeddable":true,"href":"https:\/\/www.kovacsshoes.com\/es\/wp-json\/wp\/v2\/comments?post=3434"}],"version-history":[{"count":62,"href":"https:\/\/www.kovacsshoes.com\/es\/wp-json\/wp\/v2\/pages\/3434\/revisions"}],"predecessor-version":[{"id":12666,"href":"https:\/\/www.kovacsshoes.com\/es\/wp-json\/wp\/v2\/pages\/3434\/revisions\/12666"}],"wp:attachment":[{"href":"https:\/\/www.kovacsshoes.com\/es\/wp-json\/wp\/v2\/media?parent=3434"}],"curies":[{"name":"wp","href":"https:\/\/api.w.org\/{rel}","templated":true}]}}